{"id":48,"date":"2024-10-25T11:16:11","date_gmt":"2024-10-25T09:16:11","guid":{"rendered":"https:\/\/accomplissmum.fr\/?page_id=48"},"modified":"2024-11-18T22:35:35","modified_gmt":"2024-11-18T21:35:35","slug":"tarifs","status":"publish","type":"page","link":"https:\/\/accomplissmum.fr\/index.php\/tarifs\/","title":{"rendered":"Tarifs"},"content":{"rendered":"\n<p>Je vous propose des&nbsp;<strong>accompagnements sur mesure<\/strong>&nbsp;pour vous aider \u00e0 retrouver votre \u00e9quilibre, d\u00e9velopper votre potentiel et atteindre vos objectifs. Les s\u00e9ances sont personnalis\u00e9es en fonction de vos besoins et de votre rythme, pour vous offrir un suivi v\u00e9ritablement adapt\u00e9 \u00e0 votre situation.<\/p>\n\n\n\n<p class=\"has-white-color has-text-color has-link-color wp-elements-36405e13fdee81139d7a0d528c0ba917\">\u00ab Ose devenir qui tu es \u00bb \u2013 Oscar Wild<\/p>\n\n\n\n<h4 class=\"wp-block-heading\"><strong>Forfait Coaching Long \u2013 15 S\u00e9ances<\/strong><\/h4>\n\n\n\n<p>Ce forfait offre un accompagnement plus approfondi pour celles et ceux qui souhaitent un travail en profondeur, ax\u00e9 sur la reconnexion \u00e0 soi, le d\u00e9veloppement personnel, la gestion des \u00e9motions, ou un projet de vie plus ambitieux.<\/p>\n\n\n\n<ul class=\"wp-block-list\">\n<li><strong>15 s\u00e9ances de 1h<\/strong> chacune<\/li>\n\n\n\n<li><strong>Objectifs :<\/strong>&nbsp;Accompagnement global sur plusieurs axes (stress, burn-out, confiance en soi, gestion des \u00e9motions, organisation, perte de poids, gestion des t\u00e2ches quotidiennes, etc.) et d\u00e9veloppement d\u2019un plan d&#8217;action sur mesure<\/li>\n\n\n\n<li><strong>Tarif :<\/strong>&nbsp;1500\u20ac<\/li>\n\n\n\n<li>Ce tarif inclut \u00e9galement 2 s\u00e9ances de post-coaching<\/li>\n<\/ul>\n\n\n\n<p class=\"has-white-color has-text-color has-link-color wp-elements-6d5d6660f6a0feb63a7d1f52e5423e03\">\u00ab Ose devenir qui tu es \u00bb &#8211; Oscar Wild<\/p>\n\n\n\n<hr class=\"wp-block-separator has-alpha-channel-opacity\"\/>\n\n\n\n<p class=\"has-white-color has-text-color has-link-color wp-elements-6d5d6660f6a0feb63a7d1f52e5423e03\">\u00ab Ose devenir qui tu es \u00bb &#8211; Oscar Wild<\/p>\n\n\n\n<h4 class=\"wp-block-heading\"><strong>Forfait Coaching Court \u2013 7 \u00e0 8 S\u00e9ances<\/strong><\/h4>\n\n\n\n<p>Id\u00e9al pour un accompagnement rapide et cibl\u00e9 sur un objectif pr\u00e9cis. Ce forfait est con\u00e7u pour celles et ceux qui souhaitent progresser sur une probl\u00e9matique sp\u00e9cifique sans passer par l&#8217;exploration de soi.<\/p>\n\n\n\n<ul class=\"wp-block-list\">\n<li><strong>7 \u00e0 8 s\u00e9ances de 1h<\/strong>&nbsp;chacune<\/li>\n\n\n\n<li><strong>Objectifs :<\/strong>&nbsp;Accompagnement sur une probl\u00e9matique ou un projet sp\u00e9cifique, gestion du stress, prise de d\u00e9cision, confiance en soi, etc.<\/li>\n\n\n\n<li><strong>Tarif :<\/strong>&nbsp;800\u20ac<\/li>\n<\/ul>\n\n\n\n<ul class=\"wp-block-list\"><\/ul>\n\n\n\n<p class=\"has-white-color has-text-color has-link-color wp-elements-6d5d6660f6a0feb63a7d1f52e5423e03\">\u00ab Ose devenir qui tu es \u00bb &#8211; Oscar Wild<\/p>\n\n\n\n<hr class=\"wp-block-separator has-alpha-channel-opacity\"\/>\n\n\n\n<p class=\"has-white-color has-text-color has-link-color wp-elements-6d5d6660f6a0feb63a7d1f52e5423e03\">\u00ab Ose devenir qui tu es \u00bb &#8211; Oscar Wild<\/p>\n\n\n\n<h4 class=\"wp-block-heading\"><strong>S\u00e9ance Individuelle<\/strong> &#8211; Type coaching &#8220;GROW&#8221;<\/h4>\n\n\n\n<p>Si vous pr\u00e9f\u00e9rez un accompagnement ponctuel, je vous propose des s\u00e9ances individuelles, id\u00e9ales pour aborder des questions sp\u00e9cifiques ou un moment de transition dans votre vie.<\/p>\n\n\n\n<p>Cela peut concerner \u00e9galement des s\u00e9ances de post coaching.<\/p>\n\n\n\n<ul class=\"wp-block-list\">\n<li><strong>S\u00e9ance de 1h30<\/strong><\/li>\n\n\n\n<li><strong>Tarif :<\/strong>&nbsp;120\u20ac<\/li>\n<\/ul>\n\n\n\n<p class=\"has-white-color has-text-color has-link-color wp-elements-6d5d6660f6a0feb63a7d1f52e5423e03\">\u00ab Ose devenir qui tu es \u00bb &#8211; Oscar Wild<\/p>\n\n\n\n<hr class=\"wp-block-separator has-alpha-channel-opacity\"\/>\n\n\n\n<p class=\"has-white-color has-text-color has-link-color wp-elements-6d5d6660f6a0feb63a7d1f52e5423e03\">\u00ab Ose devenir qui tu es \u00bb &#8211; Oscar Wild<\/p>\n\n\n\n<h3 class=\"wp-block-heading\"><strong>Pourquoi choisir un accompagnement personnalis\u00e9 ?<\/strong><\/h3>\n\n\n\n<p>Chaque personne est unique, et c\u2019est pour cela que je privil\u00e9gie un&nbsp;<strong>suivi sur mesure<\/strong>, adapt\u00e9 \u00e0 vos besoins sp\u00e9cifiques. Vous b\u00e9n\u00e9ficiez d\u2019un&nbsp;<strong>accompagnement global<\/strong>, fond\u00e9 sur des approches en neurosciences et coaching de vie, pour vous aider \u00e0 retrouver votre \u00e9quilibre int\u00e9rieur et \u00e0 atteindre vos objectifs, \u00e0 votre propre rythme.<\/p>\n\n\n\n<h3 class=\"wp-block-heading\"><strong>Modalit\u00e9s de paiement<\/strong><\/h3>\n\n\n\n<p>Les paiements peuvent \u00eatre effectu\u00e9s par&nbsp;<strong>virement bancaire<\/strong>. Les forfaits sont \u00e0 r\u00e9gler en une seule fois.<\/p>\n\n\n\n<h3 class=\"wp-block-heading\"><strong>Conditions de r\u00e9servation et d\u2019annulation<\/strong><\/h3>\n\n\n\n<ul class=\"wp-block-list\">\n<li><strong>R\u00e9servation :<\/strong>&nbsp;Les s\u00e9ances sont r\u00e9serv\u00e9es soit par mail soit par DM sur Instagram, selon vos disponibilit\u00e9s.<\/li>\n\n\n\n<li><strong>Annulation :<\/strong>&nbsp;Toute s\u00e9ance annul\u00e9e moins de&nbsp;<strong>24 heures<\/strong>&nbsp;\u00e0 l\u2019avance sera factur\u00e9e.<\/li>\n<\/ul>\n\n\n\n<h3 class=\"wp-block-heading\"><strong>Pr\u00eat(e) \u00e0 commencer ?<\/strong><\/h3>\n\n\n\n<p>Pour toute question ou pour r\u00e9server votre premi\u00e8re s\u00e9ance,&nbsp;<strong>rendez-vous sur la page &#8220;Contact&#8221;<\/strong><\/p>\n","protected":false},"excerpt":{"rendered":"<p>Je vous propose des&nbsp;accompagnements sur mesure&nbsp;pour vous aider \u00e0 retrouver votre \u00e9quilibre, d\u00e9velopper votre potentiel et atteindre vos objectifs. Les s\u00e9ances sont personnalis\u00e9es en fonction de vos besoins et de votre rythme, pour vous offrir un suivi v\u00e9ritablement adapt\u00e9 \u00e0 votre situation. \u00ab Ose devenir qui tu es \u00bb \u2013 Oscar Wild Forfait Coaching Long \u2013 15 S\u00e9ances Ce forfait offre un accompagnement plus approfondi pour celles et ceux qui souhaitent un travail en profondeur, ax\u00e9 sur la reconnexion \u00e0 soi, le d\u00e9veloppement personnel, la gestion des \u00e9motions, ou un projet de vie plus ambitieux. \u00ab Ose devenir qui tu es \u00bb &#8211; Oscar Wild \u00ab Ose devenir qui tu es \u00bb &#8211; Oscar Wild Forfait Coaching Court \u2013 7 \u00e0 8 S\u00e9ances Id\u00e9al pour un accompagnement rapide et cibl\u00e9 sur un objectif pr\u00e9cis. Ce forfait est con\u00e7u pour celles et ceux qui souhaitent progresser sur une probl\u00e9matique sp\u00e9cifique sans passer par l&#8217;exploration de soi. \u00ab Ose devenir qui tu es \u00bb &#8211; Oscar Wild \u00ab Ose devenir qui tu es \u00bb &#8211; Oscar Wild S\u00e9ance Individuelle &#8211; Type coaching &#8220;GROW&#8221; Si vous pr\u00e9f\u00e9rez un accompagnement ponctuel, je vous propose des s\u00e9ances individuelles, id\u00e9ales pour aborder des questions sp\u00e9cifiques ou un moment de transition dans votre vie. Cela peut concerner \u00e9galement des s\u00e9ances de post coaching. \u00ab Ose devenir qui tu es \u00bb &#8211; Oscar Wild \u00ab Ose devenir qui tu es \u00bb &#8211; Oscar Wild Pourquoi choisir un accompagnement personnalis\u00e9 ? Chaque personne est unique, et c\u2019est pour cela que je privil\u00e9gie un&nbsp;suivi sur mesure, adapt\u00e9 \u00e0 vos besoins sp\u00e9cifiques. Vous b\u00e9n\u00e9ficiez d\u2019un&nbsp;accompagnement global, fond\u00e9 sur des approches en neurosciences et coaching de vie, pour vous aider \u00e0 retrouver votre \u00e9quilibre int\u00e9rieur et \u00e0 atteindre vos objectifs, \u00e0 votre propre rythme. Modalit\u00e9s de paiement Les paiements peuvent \u00eatre effectu\u00e9s par&nbsp;virement bancaire. Les forfaits sont \u00e0 r\u00e9gler en une seule fois. Conditions de r\u00e9servation et d\u2019annulation Pr\u00eat(e) \u00e0 commencer ? Pour toute question ou pour r\u00e9server votre premi\u00e8re s\u00e9ance,&nbsp;rendez-vous sur la page &#8220;Contact&#8221;<\/p>\n","protected":false},"author":1,"featured_media":0,"parent":0,"menu_order":0,"comment_status":"closed","ping_status":"closed","template":"","meta":{"footnotes":""},"class_list":["post-48","page","type-page","status-publish","hentry"],"_links":{"self":[{"href":"https:\/\/accomplissmum.fr\/index.php\/wp-json\/wp\/v2\/pages\/48","targetHints":{"allow":["GET"]}}],"collection":[{"href":"https:\/\/accomplissmum.fr\/index.php\/wp-json\/wp\/v2\/pages"}],"about":[{"href":"https:\/\/accomplissmum.fr\/index.php\/wp-json\/wp\/v2\/types\/page"}],"author":[{"embeddable":true,"href":"https:\/\/accomplissmum.fr\/index.php\/wp-json\/wp\/v2\/users\/1"}],"replies":[{"embeddable":true,"href":"https:\/\/accomplissmum.fr\/index.php\/wp-json\/wp\/v2\/comments?post=48"}],"version-history":[{"count":9,"href":"https:\/\/accomplissmum.fr\/index.php\/wp-json\/wp\/v2\/pages\/48\/revisions"}],"predecessor-version":[{"id":153,"href":"https:\/\/accomplissmum.fr\/index.php\/wp-json\/wp\/v2\/pages\/48\/revisions\/153"}],"wp:attachment":[{"href":"https:\/\/accomplissmum.fr\/index.php\/wp-json\/wp\/v2\/media?parent=48"}],"curies":[{"name":"wp","href":"https:\/\/api.w.org\/{rel}","templated":true}]}}