{"id":47,"date":"2024-10-25T11:16:11","date_gmt":"2024-10-25T09:16:11","guid":{"rendered":"https:\/\/accomplissmum.fr\/?page_id=47"},"modified":"2024-11-18T18:35:33","modified_gmt":"2024-11-18T17:35:33","slug":"prestations","status":"publish","type":"page","link":"https:\/\/accomplissmum.fr\/index.php\/prestations\/","title":{"rendered":"Prestations"},"content":{"rendered":"\n<figure class=\"wp-block-image size-large\"><img loading=\"lazy\" decoding=\"async\" width=\"1024\" height=\"347\" src=\"http:\/\/accomplissmum.fr\/wp-content\/uploads\/2024\/11\/Accompagnement-1-e1730998359211-1024x347.png\" alt=\"\" class=\"wp-image-102\" srcset=\"https:\/\/accomplissmum.fr\/wp-content\/uploads\/2024\/11\/Accompagnement-1-e1730998359211-1024x347.png 1024w, https:\/\/accomplissmum.fr\/wp-content\/uploads\/2024\/11\/Accompagnement-1-e1730998359211-300x102.png 300w, https:\/\/accomplissmum.fr\/wp-content\/uploads\/2024\/11\/Accompagnement-1-e1730998359211-768x260.png 768w, https:\/\/accomplissmum.fr\/wp-content\/uploads\/2024\/11\/Accompagnement-1-e1730998359211-1140x386.png 1140w, https:\/\/accomplissmum.fr\/wp-content\/uploads\/2024\/11\/Accompagnement-1-e1730998359211.png 1228w\" sizes=\"auto, (max-width: 1024px) 100vw, 1024px\" \/><\/figure>\n\n\n\n<p><strong>Vous cherchez \u00e0 mieux vous comprendre, \u00e0 retrouver votre \u00e9quilibre, \u00e0 g\u00e9rer une situation compliqu\u00e9e, \u00e0 surmonter le stress ou \u00e0 avancer dans un projet qui vous tient \u00e0 c\u0153ur, que cela soit personnel ou professionnel ?<\/strong><br>Je vous propose un accompagnement personnalis\u00e9 type coaching de vie, con\u00e7u pour vous aider \u00e0 vous reconnecter \u00e0 vous-m\u00eame, \u00e0 explorer vos ressources int\u00e9rieures et \u00e0 d\u00e9velopper vos forces pour atteindre vos objectifs.<\/p>\n\n\n\n<p>Je vous accompagne dans un parcours structur\u00e9, que ce soit pour un\u00a0<strong>coaching long (15 s\u00e9ances) <\/strong>ou<strong> court (7 s\u00e9ances)<\/strong>, en fonction de vos besoins et de vos attentes. Ce programme est sp\u00e9cialement con\u00e7u pour les\u00a0<strong>femmes, les m\u00e8res et les enfants<\/strong>, tout en restant ouvert aux hommes au besoin, selon les objectifs sp\u00e9cifiques de chacun.<\/p>\n\n\n\n<h3 class=\"wp-block-heading\">Un accompagnement sur mesure<\/h3>\n\n\n\n<p>Au fil des s\u00e9ances, je mets en place un suivi personnalis\u00e9 qui s\u2019adapte \u00e0 votre parcours et \u00e0 vos objectifs. Chaque rencontre est un espace d\u00e9di\u00e9 \u00e0 votre d\u00e9veloppement personnel, rythm\u00e9 par des&nbsp;<strong>exercices pratiques<\/strong>&nbsp;et des&nbsp;<strong>th\u00e9matiques vari\u00e9es<\/strong>, pour vous permettre de mieux vous conna\u00eetre et de puiser dans vos ressources int\u00e9rieures.<\/p>\n\n\n\n<p>Les s\u00e9ances peuvent aborder des sujets tels que :<\/p>\n\n\n\n<ul class=\"wp-block-list\">\n<li><strong>La gestion du stress et la pr\u00e9vention du burn-out<\/strong><\/li>\n\n\n\n<li><strong>Le d\u00e9veloppement de la confiance en soi et l\u2019affirmation de soi<\/strong><\/li>\n\n\n\n<li><strong>La gestion des \u00e9motions et la r\u00e9silience<\/strong><\/li>\n<\/ul>\n\n\n\n<p>Je vous guiderai \u00e0 chaque \u00e9tape, avec calme, \u00e9coute et bienveillance, pour vous aider \u00e0 faire \u00e9merger les r\u00e9ponses qui sont en vous, \u00e0 surmonter les obstacles et \u00e0 avancer sereinement vers vos aspirations.<\/p>\n\n\n\n<p>L&#8217;accompagnement se terminera  <strong>par l\u2019\u00e9laboration d\u2019un plan d\u2019action personnel et concret pour atteindre vos objectifs<\/strong>.<\/p>\n\n\n\n<h3 class=\"wp-block-heading\">Expertise et approche unique<\/h3>\n\n\n\n<p>En tant que&nbsp;<strong>coach certifi\u00e9e en neurosciences<\/strong>&nbsp;et titulaire d\u2019un&nbsp;<strong>Master Coach<\/strong>, je mets \u00e0 votre disposition des outils \u00e9prouv\u00e9s et une approche fond\u00e9e sur des pratiques modernes et efficaces. Je continue \u00e0 me former dans des domaines compl\u00e9mentaires, tels que le&nbsp;<strong>coaching scolaire<\/strong>&nbsp;et le&nbsp;<strong>design humain<\/strong>, pour toujours apporter plus de valeur et de profondeur \u00e0 mon accompagnement.<\/p>\n\n\n\n<p>Que vous soyez en qu\u00eate de d\u00e9veloppement personnel, de mieux-\u00eatre, ou que vous ayez un projet sp\u00e9cifique \u00e0 mener \u00e0 bien, je serai \u00e0 vos c\u00f4t\u00e9s pour vous aider \u00e0 r\u00e9v\u00e9ler votre potentiel et \u00e0 franchir les \u00e9tapes cl\u00e9s de votre parcours.<\/p>\n\n\n\n<h3 class=\"wp-block-heading\">S\u00e9ances en visio<\/h3>\n\n\n\n<p>Tous les accompagnements se d\u00e9roulent&nbsp;<strong>en visio<\/strong>, pour plus de flexibilit\u00e9 et d\u2019accessibilit\u00e9. Peu importe o\u00f9 vous vous trouvez, je serai l\u00e0 pour vous aider \u00e0 avancer, \u00e0 votre rythme.<\/p>\n\n\n\n<p class=\"has-white-color has-text-color has-link-color wp-elements-6d5d6660f6a0feb63a7d1f52e5423e03\">\u00ab Ose devenir qui tu es \u00bb &#8211; Oscar Wild<\/p>\n\n\n\n<figure class=\"wp-block-image size-large\"><img loading=\"lazy\" decoding=\"async\" width=\"1024\" height=\"353\" src=\"http:\/\/accomplissmum.fr\/wp-content\/uploads\/2024\/11\/Accompagnement-2-e1730998696592-1024x353.png\" alt=\"\" class=\"wp-image-103\" srcset=\"https:\/\/accomplissmum.fr\/wp-content\/uploads\/2024\/11\/Accompagnement-2-e1730998696592-1024x353.png 1024w, https:\/\/accomplissmum.fr\/wp-content\/uploads\/2024\/11\/Accompagnement-2-e1730998696592-300x103.png 300w, https:\/\/accomplissmum.fr\/wp-content\/uploads\/2024\/11\/Accompagnement-2-e1730998696592-768x265.png 768w, https:\/\/accomplissmum.fr\/wp-content\/uploads\/2024\/11\/Accompagnement-2-e1730998696592-1140x393.png 1140w, https:\/\/accomplissmum.fr\/wp-content\/uploads\/2024\/11\/Accompagnement-2-e1730998696592.png 1206w\" sizes=\"auto, (max-width: 1024px) 100vw, 1024px\" \/><\/figure>\n\n\n\n<p class=\"has-text-align-center\"><strong>  * En cours de formation *<br>Bient\u00f4t disponible<\/strong> <strong>courant 2025<\/strong><\/p>\n\n\n\n<p class=\"has-white-color has-text-color has-link-color wp-elements-6d5d6660f6a0feb63a7d1f52e5423e03\">\u00ab Ose devenir qui tu es \u00bb &#8211; Oscar Wild<\/p>\n\n\n\n<figure class=\"wp-block-image size-large\"><img loading=\"lazy\" decoding=\"async\" width=\"1024\" height=\"343\" src=\"http:\/\/accomplissmum.fr\/wp-content\/uploads\/2024\/11\/Accompagnement-3-1-e1731951035686-1024x343.png\" alt=\"\" class=\"wp-image-146\" srcset=\"https:\/\/accomplissmum.fr\/wp-content\/uploads\/2024\/11\/Accompagnement-3-1-e1731951035686-1024x343.png 1024w, https:\/\/accomplissmum.fr\/wp-content\/uploads\/2024\/11\/Accompagnement-3-1-e1731951035686-300x101.png 300w, https:\/\/accomplissmum.fr\/wp-content\/uploads\/2024\/11\/Accompagnement-3-1-e1731951035686-768x257.png 768w, https:\/\/accomplissmum.fr\/wp-content\/uploads\/2024\/11\/Accompagnement-3-1-e1731951035686-1140x382.png 1140w, https:\/\/accomplissmum.fr\/wp-content\/uploads\/2024\/11\/Accompagnement-3-1-e1731951035686.png 1232w\" sizes=\"auto, (max-width: 1024px) 100vw, 1024px\" \/><\/figure>\n\n\n\n<p class=\"has-text-align-center\"><strong>  * En cours de formation *<br>Bient\u00f4t disponible courant 2025<\/strong><\/p>\n\n\n\n<p class=\"has-white-color has-text-color has-link-color wp-elements-6d5d6660f6a0feb63a7d1f52e5423e03\">\u00ab Ose devenir qui tu es \u00bb &#8211; Oscar Wild<\/p>\n\n\n\n<hr class=\"wp-block-separator has-alpha-channel-opacity\"\/>\n\n\n\n<p class=\"has-white-color has-text-color has-link-color wp-elements-6d5d6660f6a0feb63a7d1f52e5423e03\">\u00ab Ose devenir qui tu es \u00bb &#8211; Oscar Wild<\/p>\n\n\n\n<p class=\"has-text-align-center\"><strong>Pr\u00eat(e) \u00e0 vous reconnecter \u00e0 vous-m\u00eame et \u00e0 lib\u00e9rer tout votre potentiel ?<\/strong><br>Contactez-moi d\u00e8s aujourd\u2019hui pour r\u00e9server votre premi\u00e8re s\u00e9ance. <strong>RDV sur la page &#8220;Contact&#8221;.<\/strong><\/p>\n","protected":false},"excerpt":{"rendered":"<p>Vous cherchez \u00e0 mieux vous comprendre, \u00e0 retrouver votre \u00e9quilibre, \u00e0 g\u00e9rer une situation compliqu\u00e9e, \u00e0 surmonter le stress ou \u00e0 avancer dans un projet qui vous tient \u00e0 c\u0153ur, que cela soit personnel ou professionnel ?Je vous propose un accompagnement personnalis\u00e9 type coaching de vie, con\u00e7u pour vous aider \u00e0 vous reconnecter \u00e0 vous-m\u00eame, \u00e0 explorer vos ressources int\u00e9rieures et \u00e0 d\u00e9velopper vos forces pour atteindre vos objectifs. Je vous accompagne dans un parcours structur\u00e9, que ce soit pour un\u00a0coaching long (15 s\u00e9ances) ou court (7 s\u00e9ances), en fonction de vos besoins et de vos attentes. Ce programme est sp\u00e9cialement con\u00e7u pour les\u00a0femmes, les m\u00e8res et les enfants, tout en restant ouvert aux hommes au besoin, selon les objectifs sp\u00e9cifiques de chacun. Un accompagnement sur mesure Au fil des s\u00e9ances, je mets en place un suivi personnalis\u00e9 qui s\u2019adapte \u00e0 votre parcours et \u00e0 vos objectifs. Chaque rencontre est un espace d\u00e9di\u00e9 \u00e0 votre d\u00e9veloppement personnel, rythm\u00e9 par des&nbsp;exercices pratiques&nbsp;et des&nbsp;th\u00e9matiques vari\u00e9es, pour vous permettre de mieux vous conna\u00eetre et de puiser dans vos ressources int\u00e9rieures. Les s\u00e9ances peuvent aborder des sujets tels que : Je vous guiderai \u00e0 chaque \u00e9tape, avec calme, \u00e9coute et bienveillance, pour vous aider \u00e0 faire \u00e9merger les r\u00e9ponses qui sont en vous, \u00e0 surmonter les obstacles et \u00e0 avancer sereinement vers vos aspirations. L&#8217;accompagnement se terminera par l\u2019\u00e9laboration d\u2019un plan d\u2019action personnel et concret pour atteindre vos objectifs. Expertise et approche unique En tant que&nbsp;coach certifi\u00e9e en neurosciences&nbsp;et titulaire d\u2019un&nbsp;Master Coach, je mets \u00e0 votre disposition des outils \u00e9prouv\u00e9s et une approche fond\u00e9e sur des pratiques modernes et efficaces. Je continue \u00e0 me former dans des domaines compl\u00e9mentaires, tels que le&nbsp;coaching scolaire&nbsp;et le&nbsp;design humain, pour toujours apporter plus de valeur et de profondeur \u00e0 mon accompagnement. Que vous soyez en qu\u00eate de d\u00e9veloppement personnel, de mieux-\u00eatre, ou que vous ayez un projet sp\u00e9cifique \u00e0 mener \u00e0 bien, je serai \u00e0 vos c\u00f4t\u00e9s pour vous aider \u00e0 r\u00e9v\u00e9ler votre potentiel et \u00e0 franchir les \u00e9tapes cl\u00e9s de votre parcours. S\u00e9ances en visio Tous les accompagnements se d\u00e9roulent&nbsp;en visio, pour plus de flexibilit\u00e9 et d\u2019accessibilit\u00e9. Peu importe o\u00f9 vous vous trouvez, je serai l\u00e0 pour vous aider \u00e0 avancer, \u00e0 votre rythme. \u00ab Ose devenir qui tu es \u00bb &#8211; Oscar Wild * En cours de formation *Bient\u00f4t disponible courant 2025 \u00ab Ose devenir qui tu es \u00bb &#8211; Oscar Wild * En cours de formation *Bient\u00f4t disponible courant 2025 \u00ab Ose devenir qui tu es \u00bb &#8211; Oscar Wild \u00ab Ose devenir qui tu es \u00bb &#8211; Oscar Wild Pr\u00eat(e) \u00e0 vous reconnecter \u00e0 vous-m\u00eame et \u00e0 lib\u00e9rer tout votre potentiel ?Contactez-moi d\u00e8s aujourd\u2019hui pour r\u00e9server votre premi\u00e8re s\u00e9ance. RDV sur la page &#8220;Contact&#8221;.<\/p>\n","protected":false},"author":1,"featured_media":0,"parent":0,"menu_order":0,"comment_status":"closed","ping_status":"closed","template":"","meta":{"footnotes":""},"class_list":["post-47","page","type-page","status-publish","hentry"],"_links":{"self":[{"href":"https:\/\/accomplissmum.fr\/index.php\/wp-json\/wp\/v2\/pages\/47","targetHints":{"allow":["GET"]}}],"collection":[{"href":"https:\/\/accomplissmum.fr\/index.php\/wp-json\/wp\/v2\/pages"}],"about":[{"href":"https:\/\/accomplissmum.fr\/index.php\/wp-json\/wp\/v2\/types\/page"}],"author":[{"embeddable":true,"href":"https:\/\/accomplissmum.fr\/index.php\/wp-json\/wp\/v2\/users\/1"}],"replies":[{"embeddable":true,"href":"https:\/\/accomplissmum.fr\/index.php\/wp-json\/wp\/v2\/comments?post=47"}],"version-history":[{"count":15,"href":"https:\/\/accomplissmum.fr\/index.php\/wp-json\/wp\/v2\/pages\/47\/revisions"}],"predecessor-version":[{"id":150,"href":"https:\/\/accomplissmum.fr\/index.php\/wp-json\/wp\/v2\/pages\/47\/revisions\/150"}],"wp:attachment":[{"href":"https:\/\/accomplissmum.fr\/index.php\/wp-json\/wp\/v2\/media?parent=47"}],"curies":[{"name":"wp","href":"https:\/\/api.w.org\/{rel}","templated":true}]}}