{"id":44,"date":"2024-10-25T11:16:11","date_gmt":"2024-10-25T09:16:11","guid":{"rendered":"https:\/\/accomplissmum.fr\/?page_id=44"},"modified":"2024-11-07T10:34:16","modified_gmt":"2024-11-07T09:34:16","slug":"qui-suis-je","status":"publish","type":"page","link":"https:\/\/accomplissmum.fr\/index.php\/qui-suis-je\/","title":{"rendered":"Qui suis-je ?"},"content":{"rendered":"<div class=\"wp-block-image\">\n<figure class=\"aligncenter size-large is-resized\"><img loading=\"lazy\" decoding=\"async\" width=\"1024\" height=\"1024\" src=\"http:\/\/accomplissmum.fr\/wp-content\/uploads\/2024\/10\/Marie-MALDJIAN-1024x1024.png\" alt=\"\" class=\"wp-image-24\" style=\"width:371px;height:auto\" srcset=\"https:\/\/accomplissmum.fr\/wp-content\/uploads\/2024\/10\/Marie-MALDJIAN-1024x1024.png 1024w, https:\/\/accomplissmum.fr\/wp-content\/uploads\/2024\/10\/Marie-MALDJIAN-300x300.png 300w, https:\/\/accomplissmum.fr\/wp-content\/uploads\/2024\/10\/Marie-MALDJIAN-150x150.png 150w, https:\/\/accomplissmum.fr\/wp-content\/uploads\/2024\/10\/Marie-MALDJIAN-768x768.png 768w, https:\/\/accomplissmum.fr\/wp-content\/uploads\/2024\/10\/Marie-MALDJIAN-75x75.png 75w, https:\/\/accomplissmum.fr\/wp-content\/uploads\/2024\/10\/Marie-MALDJIAN.png 1080w\" sizes=\"auto, (max-width: 1024px) 100vw, 1024px\" \/><\/figure>\n<\/div>\n\n\n<p>     <\/p>\n\n\n\n<p class=\"has-text-align-center has-text-color has-link-color has-small-font-size wp-elements-5d961badef10d84b17fbdcde57246e67\" style=\"color:#727272\">Bonjour, moi c\u2019est Marie, je me lance dans l\u2019aventure enchanteresse de l\u2019entreprenariat pour mettre \u00e0 disposition mes comp\u00e9tences au service de ceux qui en ressentent le besoin.<\/p>\n\n\n\n<p class=\"has-text-align-center has-text-color has-link-color has-small-font-size wp-elements-29a6275c40438ef2265dc8f2fa9558ed\" style=\"color:#727272\">Accompliss\u2019mum c\u2019est mon premier b\u00e9b\u00e9 professionnel et je suis d\u00e9termin\u00e9e \u00e0 en prendre le plus grand soin. Et avant tout chose, avant que vous me confiiez vos forces, vos faiblesses et certains aspect de votre vie, j\u2019estime qu\u2019il est important que vous d\u00e9couvriez qui je suis !<\/p>\n\n\n\n<p class=\"has-text-align-center has-text-color has-link-color has-small-font-size wp-elements-547554ae64786d46cfd8b6ea8efb62f0\" style=\"color:#727272\">Voici donc qui je suis : une maman combl\u00e9e de 3 jeunes demoiselles n\u00e9es entre 2014 et 2023 qui m\u2019entra\u00eenent tant\u00f4t dans la folie, tant\u00f4t dans l\u2019\u00e9merveillement et mari\u00e9e depuis 2016. Nous formons la Famille M o\u00f9 aucun membre n\u2019\u00e9chappe \u00e0 cette folle id\u00e9e d&#8217;avoir tous les m\u00eames initiales (tr\u00e8s pratique au quotidien pour noter des RDV par exemple&#8230;) ! Expatri\u00e9e de mon Reims natal, je vis d\u2019amour et d\u2019eau fra\u00eeche autour de Lyon depuis maintenant 15 ans.<\/p>\n\n\n\n<p class=\"has-text-align-center has-text-color has-link-color has-small-font-size wp-elements-4a49c9f96257e0dca25d4c26e2efde97\" style=\"color:#727272\">Vous allez me dire \u201cOk elle a parl\u00e9 de sa famille mais, et elle ?\u201d<\/p>\n\n\n\n<p class=\"has-text-align-center has-text-color has-link-color has-small-font-size wp-elements-b13b422d3dd6794f8953af7358149e8c\" style=\"color:#727272\">Bien vu !<\/p>\n\n\n\n<p class=\"has-text-align-center has-text-color has-link-color has-small-font-size wp-elements-0c875d8800fa490346f84d16e51ba516\" style=\"color:#727272\">Je suis plut\u00f4t de nature calme et discr\u00e8te (l\u00e0 mes proches se disent \u201cmais bien s\u00fbr, surtout quand elle rit !\u201d). En r\u00e9alit\u00e9 je peux \u00eatre aussi calme, douce et \u00e0 l\u2019\u00e9coute que bruyante avec un rythme que m\u00eame mon ombre peine \u00e0 suivre ! L\u00e9g\u00e8rement maniaque, des miettes par terre peuvent me rendre compl\u00e8tement dingue jusqu\u2019\u00e0 ce que mon meilleur ami l\u2019aspirateur m\u2019aide \u00e0 retrouver ma s\u00e9r\u00e9nit\u00e9. Je suis tr\u00e8s organis\u00e9e et tout doit \u00eatre carr\u00e9. \u00c7a peut \u00eatre vu comme une qualit\u00e9 comme un d\u00e9faut mais personnellement, je le vis tr\u00e8s bien.<\/p>\n\n\n\n<p class=\"has-text-align-center has-text-color has-link-color has-small-font-size wp-elements-bddcefb0a79b7814bff948512d461303\" style=\"color:#727272\">Avec le temps, je suis devenue fan d\u2019un c\u00f4t\u00e9 plut\u00f4t campagne alors que la ville va m\u2019angoisser (coucou les bouchons lyonnais, et je ne parle pas ceux qui font mmmmmh).<\/p>\n\n\n\n<p class=\"has-text-align-center has-text-color has-link-color has-small-font-size wp-elements-91c3c99875bb3beefd0dad55550fd367\" style=\"color:#727272\">J\u2019aime l\u2019automne et l\u2019hiver, les jeux de soci\u00e9t\u00e9, les vieilles s\u00e9ries t\u00e9l\u00e9 sous un plaid, manger le nutella froid \u00e0 la petite cuill\u00e8re et regarder mes filles dormir.<\/p>\n\n\n\n<p class=\"has-text-align-center has-text-color has-link-color has-small-font-size wp-elements-43d168153c3087fa0e23a8b226c19965\" style=\"color:#727272\">Je n\u2019aime pas l\u2019\u00e9t\u00e9, le sable, la peinture, l\u2019odeur de la cl\u00e9mentine, les pigeons et les nouveaux dessins anim\u00e9s pour enfants. (#disneyforever)<\/p>\n\n\n\n<p class=\"has-text-align-center has-text-color has-link-color has-small-font-size wp-elements-5fe327bbf954e6efe780e7438325d262\" style=\"color:#727272\">Depuis plus de 3 ans, je go\u00fbte enfin \u00e0 la libert\u00e9 de penser comme je le d\u00e9sire et de l\u2019assumer ! Je crois aux signes dispers\u00e9s autour de nous si l\u2019on prend le temps de les percevoir, je crois au pouvoir des pierres et des soins \u00e9nerg\u00e9tiques, je crois aux \u00e2mes qui nous font des coucous. Je respecte ceux qui ne croient pas en tout ce qui est \u00e9sot\u00e9rique et le respect se doit d\u2019\u00eatre r\u00e9ciproque.<\/p>\n\n\n\n<p class=\"has-text-align-center has-text-color has-link-color has-small-font-size wp-elements-21029652ea0f8aacb02ca8d1044a2afc\" style=\"color:#727272\">J\u2019ai quitt\u00e9 mon travail en tant que salari\u00e9e apr\u00e8s presque 13 ans de bons et loyaux services pour me lancer dans l\u2019entreprenariat. Cette aventure me tient \u00e0 c\u0153ur. Elle refl\u00e8te qui je suis. Je me sens enfin \u00e0 ma place et je peux vous assurer que \u00e7a fait du bien&nbsp;!<\/p>\n\n\n\n<p class=\"has-text-align-center has-text-color has-link-color has-small-font-size wp-elements-e952cb4d5e2273a82a42b280f88f0632\" style=\"color:#727272\">J&#8217;esp\u00e8re que ces quelques lignes vous aideront \u00e0 me faire confiance et \u00e0 vous lancer pour prendre RDV avec moi. Je vous dis \u00e0 bient\u00f4t !<\/p>\n\n\n\n<p class=\"has-text-color has-link-color has-small-font-size wp-elements-1542149244367a7518a3ffe965112bf1\" style=\"color:#727272\"><\/p>\n","protected":false},"excerpt":{"rendered":"<p>Bonjour, moi c\u2019est Marie, je me lance dans l\u2019aventure enchanteresse de l\u2019entreprenariat pour mettre \u00e0 disposition mes comp\u00e9tences au service de ceux qui en ressentent le besoin. Accompliss\u2019mum c\u2019est mon premier b\u00e9b\u00e9 professionnel et je suis d\u00e9termin\u00e9e \u00e0 en prendre le plus grand soin. Et avant tout chose, avant que vous me confiiez vos forces, vos faiblesses et certains aspect de votre vie, j\u2019estime qu\u2019il est important que vous d\u00e9couvriez qui je suis ! Voici donc qui je suis : une maman combl\u00e9e de 3 jeunes demoiselles n\u00e9es entre 2014 et 2023 qui m\u2019entra\u00eenent tant\u00f4t dans la folie, tant\u00f4t dans l\u2019\u00e9merveillement et mari\u00e9e depuis 2016. Nous formons la Famille M o\u00f9 aucun membre n\u2019\u00e9chappe \u00e0 cette folle id\u00e9e d&#8217;avoir tous les m\u00eames initiales (tr\u00e8s pratique au quotidien pour noter des RDV par exemple&#8230;) ! Expatri\u00e9e de mon Reims natal, je vis d\u2019amour et d\u2019eau fra\u00eeche autour de Lyon depuis maintenant 15 ans. Vous allez me dire \u201cOk elle a parl\u00e9 de sa famille mais, et elle ?\u201d Bien vu ! Je suis plut\u00f4t de nature calme et discr\u00e8te (l\u00e0 mes proches se disent \u201cmais bien s\u00fbr, surtout quand elle rit !\u201d). En r\u00e9alit\u00e9 je peux \u00eatre aussi calme, douce et \u00e0 l\u2019\u00e9coute que bruyante avec un rythme que m\u00eame mon ombre peine \u00e0 suivre ! L\u00e9g\u00e8rement maniaque, des miettes par terre peuvent me rendre compl\u00e8tement dingue jusqu\u2019\u00e0 ce que mon meilleur ami l\u2019aspirateur m\u2019aide \u00e0 retrouver ma s\u00e9r\u00e9nit\u00e9. Je suis tr\u00e8s organis\u00e9e et tout doit \u00eatre carr\u00e9. \u00c7a peut \u00eatre vu comme une qualit\u00e9 comme un d\u00e9faut mais personnellement, je le vis tr\u00e8s bien. Avec le temps, je suis devenue fan d\u2019un c\u00f4t\u00e9 plut\u00f4t campagne alors que la ville va m\u2019angoisser (coucou les bouchons lyonnais, et je ne parle pas ceux qui font mmmmmh). J\u2019aime l\u2019automne et l\u2019hiver, les jeux de soci\u00e9t\u00e9, les vieilles s\u00e9ries t\u00e9l\u00e9 sous un plaid, manger le nutella froid \u00e0 la petite cuill\u00e8re et regarder mes filles dormir. Je n\u2019aime pas l\u2019\u00e9t\u00e9, le sable, la peinture, l\u2019odeur de la cl\u00e9mentine, les pigeons et les nouveaux dessins anim\u00e9s pour enfants. (#disneyforever) Depuis plus de 3 ans, je go\u00fbte enfin \u00e0 la libert\u00e9 de penser comme je le d\u00e9sire et de l\u2019assumer ! Je crois aux signes dispers\u00e9s autour de nous si l\u2019on prend le temps de les percevoir, je crois au pouvoir des pierres et des soins \u00e9nerg\u00e9tiques, je crois aux \u00e2mes qui nous font des coucous. Je respecte ceux qui ne croient pas en tout ce qui est \u00e9sot\u00e9rique et le respect se doit d\u2019\u00eatre r\u00e9ciproque. J\u2019ai quitt\u00e9 mon travail en tant que salari\u00e9e apr\u00e8s presque 13 ans de bons et loyaux services pour me lancer dans l\u2019entreprenariat. Cette aventure me tient \u00e0 c\u0153ur. Elle refl\u00e8te qui je suis. Je me sens enfin \u00e0 ma place et je peux vous assurer que \u00e7a fait du bien&nbsp;! J&#8217;esp\u00e8re que ces quelques lignes vous aideront \u00e0 me faire confiance et \u00e0 vous lancer pour prendre RDV avec moi. Je vous dis \u00e0 bient\u00f4t !<\/p>\n","protected":false},"author":1,"featured_media":0,"parent":0,"menu_order":0,"comment_status":"closed","ping_status":"closed","template":"","meta":{"footnotes":""},"class_list":["post-44","page","type-page","status-publish","hentry"],"_links":{"self":[{"href":"https:\/\/accomplissmum.fr\/index.php\/wp-json\/wp\/v2\/pages\/44","targetHints":{"allow":["GET"]}}],"collection":[{"href":"https:\/\/accomplissmum.fr\/index.php\/wp-json\/wp\/v2\/pages"}],"about":[{"href":"https:\/\/accomplissmum.fr\/index.php\/wp-json\/wp\/v2\/types\/page"}],"author":[{"embeddable":true,"href":"https:\/\/accomplissmum.fr\/index.php\/wp-json\/wp\/v2\/users\/1"}],"replies":[{"embeddable":true,"href":"https:\/\/accomplissmum.fr\/index.php\/wp-json\/wp\/v2\/comments?post=44"}],"version-history":[{"count":14,"href":"https:\/\/accomplissmum.fr\/index.php\/wp-json\/wp\/v2\/pages\/44\/revisions"}],"predecessor-version":[{"id":96,"href":"https:\/\/accomplissmum.fr\/index.php\/wp-json\/wp\/v2\/pages\/44\/revisions\/96"}],"wp:attachment":[{"href":"https:\/\/accomplissmum.fr\/index.php\/wp-json\/wp\/v2\/media?parent=44"}],"curies":[{"name":"wp","href":"https:\/\/api.w.org\/{rel}","templated":true}]}}