{"id":43,"date":"2024-10-25T11:16:11","date_gmt":"2024-10-25T09:16:11","guid":{"rendered":"https:\/\/accomplissmum.fr\/?page_id=43"},"modified":"2024-11-07T10:33:46","modified_gmt":"2024-11-07T09:33:46","slug":"accomplissmum-cest-quoi","status":"publish","type":"page","link":"https:\/\/accomplissmum.fr\/index.php\/accomplissmum-cest-quoi\/","title":{"rendered":"Accompliss&#8217;mum, c&#8217;est quoi ?"},"content":{"rendered":"<div class=\"wp-block-image\">\n<figure class=\"aligncenter size-large is-resized\"><img loading=\"lazy\" decoding=\"async\" width=\"1080\" height=\"1080\" src=\"https:\/\/accomplissmum.fr\/wp-content\/uploads\/2024\/11\/4-1024x1024.png\" alt=\"\" class=\"wp-image-68\" style=\"width:490px;height:auto\" srcset=\"https:\/\/accomplissmum.fr\/wp-content\/uploads\/2024\/11\/4-1024x1024.png 1024w, https:\/\/accomplissmum.fr\/wp-content\/uploads\/2024\/11\/4-300x300.png 300w, https:\/\/accomplissmum.fr\/wp-content\/uploads\/2024\/11\/4-150x150.png 150w, https:\/\/accomplissmum.fr\/wp-content\/uploads\/2024\/11\/4-768x768.png 768w, https:\/\/accomplissmum.fr\/wp-content\/uploads\/2024\/11\/4-75x75.png 75w, https:\/\/accomplissmum.fr\/wp-content\/uploads\/2024\/11\/4.png 1080w\" sizes=\"auto, (max-width: 1080px) 100vw, 1080px\" \/><\/figure>\n<\/div>\n\n\n<p>       <\/p>\n\n\n\n<p class=\"has-text-align-center has-text-color has-link-color has-small-font-size wp-elements-2948fa0e3204be2abc4d91936ff8d595\" style=\"color:#727272\"><mark style=\"background-color:rgba(0, 0, 0, 0)\" class=\"has-inline-color has-black-color\"><strong>Accompliss\u2019mum, c\u2019est quoi ?<\/strong><br><\/mark>Accompliss&#8217;mum, c&#8217;est le fruit d\u2019une prise de conscience collective mais aussi personnelle. Nous consacrons tant de notre temps pr\u00e9cieux \u00e0 courir apr\u00e8s les minutes, \u00e0 nous \u00e9garer dans des futilit\u00e9s, ou \u00e0 peiner lever les yeux de notre travail ou de notre t\u00e9l\u00e9phone, que nous perdons de vue le sens v\u00e9ritable de notre existence. Accompliss&#8217;mum, c&#8217;est vous aider \u00e0 relever la t\u00eate du guidon, c&#8217;est vous aider \u00e0 y voir plus clair quand tout vous semble sombre autour de vous, c&#8217;est vous aider \u00e0 vous reconnecter \u00e0 votre vous le plus pur, c&#8217;est vous permettre d&#8217;apprendre \u00e0 conna\u00eetre celui qui ne demande qu&#8217;\u00e0 \u00eatre lib\u00e9r\u00e9.<br><br><mark style=\"background-color:rgba(0, 0, 0, 0)\" class=\"has-inline-color has-black-color\"><strong>Qui se cache derri\u00e8re Accompliss\u2019mum ?<\/strong><br><\/mark>C&#8217;est moi, Marie, maman de 3 enfants et jeune entrepreneuse en herbe. Je suis avide de comprendre les myst\u00e8res de la vie. J&#8217;aime le respect, l&#8217;honn\u00eatet\u00e9, la justice et le justesse. J\u2019appr\u00e9cie le calme, les bons fou-rires et \u00e9couter tout ce qui m\u2019entoure. Le mensonge et l&#8217;irrespect me laissent perplexe. La vie n&#8217;est pas toute rose mais on peut faire en sorte qu&#8217;elle ne soit pas toute grise. \u00c7a me para\u00eet \u00e9vident de mettre \u00e0 disposition mes comp\u00e9tences pour que chacun puisse chasser les nuages trop tenaces de sa vie pour y mettre plus de couleurs.<br><br><mark style=\"background-color:rgba(0, 0, 0, 0)\" class=\"has-inline-color has-black-color\"><strong>Pourquoi avoir cr\u00e9\u00e9 Accompliss&#8217;mum ?<\/strong><br><\/mark>Plusieurs \u00e9v\u00e9nements personnels m&#8217;ont permis de travailler sur moi : d\u00e9veloppement personnel, coachs, \u00e9nerg\u00e9ticiens et j&#8217;en passe. J&#8217;ai trouv\u00e9 chaque exp\u00e9rience fascinante ! J&#8217;ai partag\u00e9 certaines d&#8217;entre elles ainsi que les constats que j\u2019ai pu en tirer \u00e0 des proches. Un jour, une amie m&#8217;a dit &#8220;Mais tu es faite pour \u00e7a, ouvre les yeux\u201d. Un \u00e9v\u00e9nement tragique plus tard, j&#8217;ai ouvert les yeux et je me lance enfin dans ce que j&#8217;aime le plus faire dans la vie : aider les autres \u00e0 se reconnecter \u00e0 eux pour que le &#8220;\u00eatre&#8221; devienne un &#8220;mieux-\u00eatre&#8221; voire un grand et beau &#8220;bien-\u00eatre&#8221;.<\/p>\n","protected":false},"excerpt":{"rendered":"<p>Accompliss\u2019mum, c\u2019est quoi ?Accompliss&#8217;mum, c&#8217;est le fruit d\u2019une prise de conscience collective mais aussi personnelle. Nous consacrons tant de notre temps pr\u00e9cieux \u00e0 courir apr\u00e8s les minutes, \u00e0 nous \u00e9garer dans des futilit\u00e9s, ou \u00e0 peiner lever les yeux de notre travail ou de notre t\u00e9l\u00e9phone, que nous perdons de vue le sens v\u00e9ritable de notre existence. Accompliss&#8217;mum, c&#8217;est vous aider \u00e0 relever la t\u00eate du guidon, c&#8217;est vous aider \u00e0 y voir plus clair quand tout vous semble sombre autour de vous, c&#8217;est vous aider \u00e0 vous reconnecter \u00e0 votre vous le plus pur, c&#8217;est vous permettre d&#8217;apprendre \u00e0 conna\u00eetre celui qui ne demande qu&#8217;\u00e0 \u00eatre lib\u00e9r\u00e9. Qui se cache derri\u00e8re Accompliss\u2019mum ?C&#8217;est moi, Marie, maman de 3 enfants et jeune entrepreneuse en herbe. Je suis avide de comprendre les myst\u00e8res de la vie. J&#8217;aime le respect, l&#8217;honn\u00eatet\u00e9, la justice et le justesse. J\u2019appr\u00e9cie le calme, les bons fou-rires et \u00e9couter tout ce qui m\u2019entoure. Le mensonge et l&#8217;irrespect me laissent perplexe. La vie n&#8217;est pas toute rose mais on peut faire en sorte qu&#8217;elle ne soit pas toute grise. \u00c7a me para\u00eet \u00e9vident de mettre \u00e0 disposition mes comp\u00e9tences pour que chacun puisse chasser les nuages trop tenaces de sa vie pour y mettre plus de couleurs. Pourquoi avoir cr\u00e9\u00e9 Accompliss&#8217;mum ?Plusieurs \u00e9v\u00e9nements personnels m&#8217;ont permis de travailler sur moi : d\u00e9veloppement personnel, coachs, \u00e9nerg\u00e9ticiens et j&#8217;en passe. J&#8217;ai trouv\u00e9 chaque exp\u00e9rience fascinante ! J&#8217;ai partag\u00e9 certaines d&#8217;entre elles ainsi que les constats que j\u2019ai pu en tirer \u00e0 des proches. Un jour, une amie m&#8217;a dit &#8220;Mais tu es faite pour \u00e7a, ouvre les yeux\u201d. Un \u00e9v\u00e9nement tragique plus tard, j&#8217;ai ouvert les yeux et je me lance enfin dans ce que j&#8217;aime le plus faire dans la vie : aider les autres \u00e0 se reconnecter \u00e0 eux pour que le &#8220;\u00eatre&#8221; devienne un &#8220;mieux-\u00eatre&#8221; voire un grand et beau &#8220;bien-\u00eatre&#8221;.<\/p>\n","protected":false},"author":1,"featured_media":0,"parent":0,"menu_order":0,"comment_status":"closed","ping_status":"closed","template":"","meta":{"footnotes":""},"class_list":["post-43","page","type-page","status-publish","hentry"],"_links":{"self":[{"href":"https:\/\/accomplissmum.fr\/index.php\/wp-json\/wp\/v2\/pages\/43","targetHints":{"allow":["GET"]}}],"collection":[{"href":"https:\/\/accomplissmum.fr\/index.php\/wp-json\/wp\/v2\/pages"}],"about":[{"href":"https:\/\/accomplissmum.fr\/index.php\/wp-json\/wp\/v2\/types\/page"}],"author":[{"embeddable":true,"href":"https:\/\/accomplissmum.fr\/index.php\/wp-json\/wp\/v2\/users\/1"}],"replies":[{"embeddable":true,"href":"https:\/\/accomplissmum.fr\/index.php\/wp-json\/wp\/v2\/comments?post=43"}],"version-history":[{"count":6,"href":"https:\/\/accomplissmum.fr\/index.php\/wp-json\/wp\/v2\/pages\/43\/revisions"}],"predecessor-version":[{"id":95,"href":"https:\/\/accomplissmum.fr\/index.php\/wp-json\/wp\/v2\/pages\/43\/revisions\/95"}],"wp:attachment":[{"href":"https:\/\/accomplissmum.fr\/index.php\/wp-json\/wp\/v2\/media?parent=43"}],"curies":[{"name":"wp","href":"https:\/\/api.w.org\/{rel}","templated":true}]}}